{"id":1276,"date":"2025-07-17T13:13:49","date_gmt":"2025-07-17T13:13:49","guid":{"rendered":"https:\/\/www.mb-trans.com\/?page_id=1276"},"modified":"2025-07-17T13:14:04","modified_gmt":"2025-07-17T13:14:04","slug":"1276-2","status":"publish","type":"page","link":"https:\/\/www.mb-trans.com\/?page_id=1276","title":{"rendered":"Golfcars"},"content":{"rendered":"\n[et_pb_section fb_built=&#8220;1&#8243; admin_label=&#8220;section&#8220; _builder_version=&#8220;4.16&#8243; background_color=&#8220;#000000&#8243; global_colors_info=&#8220;{}&#8220; theme_builder_area=&#8220;post_content&#8220;][et_pb_row column_structure=&#8220;1_3,1_3,1_3&#8243; admin_label=&#8220;row&#8220; _builder_version=&#8220;4.16&#8243; background_size=&#8220;initial&#8220; background_position=&#8220;top_left&#8220; background_repeat=&#8220;repeat&#8220; global_colors_info=&#8220;{}&#8220; theme_builder_area=&#8220;post_content&#8220;][et_pb_column type=&#8220;1_3&#8243; _builder_version=&#8220;4.16&#8243; custom_padding=&#8220;|||&#8220; global_colors_info=&#8220;{}&#8220; custom_padding__hover=&#8220;|||&#8220; theme_builder_area=&#8220;post_content&#8220;][et_pb_gallery gallery_ids=&#8220;1142,1140,1149,1151,1150,1141,1148,1143,1146,1147&#8243; _builder_version=&#8220;4.22.1&#8243; _module_preset=&#8220;default&#8220; global_colors_info=&#8220;{}&#8220; theme_builder_area=&#8220;post_content&#8220;][\/et_pb_gallery][\/et_pb_column][et_pb_column type=&#8220;1_3&#8243; _builder_version=&#8220;4.16&#8243; custom_padding=&#8220;|||&#8220; global_colors_info=&#8220;{}&#8220; custom_padding__hover=&#8220;|||&#8220; theme_builder_area=&#8220;post_content&#8220;][et_pb_image src=&#8220;https:\/\/www.mb-trans.com\/wp-content\/uploads\/2025\/01\/cc.png&#8220; title_text=&#8220;cc&#8220; url=&#8220;https:\/\/www.cartcare.de\/&#8220; url_new_window=&#8220;on&#8220; align_tablet=&#8220;center&#8220; align_phone=&#8220;center&#8220; align_last_edited=&#8220;on|desktop&#8220; admin_label=&#8220;Fischer&#8220; _builder_version=&#8220;4.22.1&#8243; animation_style=&#8220;slide&#8220; animation_direction=&#8220;left&#8220; animation_duration=&#8220;500ms&#8220; animation_intensity_slide=&#8220;10%&#8220; border_style=&#8220;solid&#8220; sticky=&#8220;off&#8220; always_center_on_mobile=&#8220;on&#8220; global_colors_info=&#8220;{}&#8220; theme_builder_area=&#8220;post_content&#8220;][\/et_pb_image][et_pb_blurb title=&#8220;Ihr ClubCar Partner in Vorarlberg!&#8220; image=&#8220;https:\/\/www.mb-trans.com\/wp-content\/uploads\/2025\/02\/IMG_6940_5_11zon-scaled.jpg&#8220; _builder_version=&#8220;4.22.1&#8243; _module_preset=&#8220;default&#8220; global_colors_info=&#8220;{}&#8220; theme_builder_area=&#8220;post_content&#8220;]<p>Als St\u00fctzpunkth\u00e4ndler f\u00fcr ClubCar in Vorarlberg k\u00f6nnen wir inzwischen auf viele Jahre Erfahrung hinsichtlich GolfCar Handel und Service zur\u00fcck blicken. Unser Kundenstamm w\u00e4chst t\u00e4glich, da die Fahrzeuge aufgrund Ihrer vielseitigen Verwendungsm\u00f6glichkeiten l\u00e4ngst nicht nur auf dem Golfplatz pr\u00e4sent sind, sondern vielfach im privaten Bereich, in der Hotellerie oder als Betriebsfahrzeug Verwendung finden. Mithilfe unterschiedlichster Ausstattungsoptionen findet sich f\u00fcr jeden Geschmack und Einsatzzweck die richtige Variante. Wir haben st\u00e4ndig Fahrzeuge ab Lager verf\u00fcgbar &#8211; kontaktieren Sie uns telefonisch oder per Nachricht! 0043 650 3774702 \/ info@mb-trans.com.<\/p>[\/et_pb_blurb][\/et_pb_column][et_pb_column type=&#8220;1_3&#8243; _builder_version=&#8220;4.16&#8243; custom_padding=&#8220;|||&#8220; global_colors_info=&#8220;{}&#8220; custom_padding__hover=&#8220;|||&#8220; theme_builder_area=&#8220;post_content&#8220;][et_pb_gallery gallery_ids=&#8220;1157,1160,1153,1161,1154,1155,1156,1158,1159&#8243; _builder_version=&#8220;4.22.1&#8243; _module_preset=&#8220;default&#8220; global_colors_info=&#8220;{}&#8220; theme_builder_area=&#8220;post_content&#8220;][\/et_pb_gallery][\/et_pb_column][\/et_pb_row][\/et_pb_section]\n","protected":false},"excerpt":{"rendered":"<p>Als St\u00fctzpunkth\u00e4ndler f\u00fcr ClubCar in Vorarlberg k\u00f6nnen wir inzwischen auf viele Jahre Erfahrung hinsichtlich GolfCar Handel und Service zur\u00fcck blicken. Unser Kundenstamm w\u00e4chst t\u00e4glich, da die Fahrzeuge aufgrund Ihrer vielseitigen Verwendungsm\u00f6glichkeiten l\u00e4ngst nicht nur auf dem Golfplatz pr\u00e4sent sind, sondern vielfach im privaten Bereich, in der Hotellerie oder als Betriebsfahrzeug Verwendung finden. Mithilfe unterschiedlichster Ausstattungsoptionen [&hellip;]<\/p>\n","protected":false},"author":2,"featured_media":0,"parent":0,"menu_order":0,"comment_status":"closed","ping_status":"closed","template":"","meta":{"_et_pb_use_builder":"on","_et_pb_old_content":"","_et_gb_content_width":"","footnotes":""},"class_list":["post-1276","page","type-page","status-publish","hentry"],"_links":{"self":[{"href":"https:\/\/www.mb-trans.com\/index.php?rest_route=\/wp\/v2\/pages\/1276","targetHints":{"allow":["GET"]}}],"collection":[{"href":"https:\/\/www.mb-trans.com\/index.php?rest_route=\/wp\/v2\/pages"}],"about":[{"href":"https:\/\/www.mb-trans.com\/index.php?rest_route=\/wp\/v2\/types\/page"}],"author":[{"embeddable":true,"href":"https:\/\/www.mb-trans.com\/index.php?rest_route=\/wp\/v2\/users\/2"}],"replies":[{"embeddable":true,"href":"https:\/\/www.mb-trans.com\/index.php?rest_route=%2Fwp%2Fv2%2Fcomments&post=1276"}],"version-history":[{"count":3,"href":"https:\/\/www.mb-trans.com\/index.php?rest_route=\/wp\/v2\/pages\/1276\/revisions"}],"predecessor-version":[{"id":1279,"href":"https:\/\/www.mb-trans.com\/index.php?rest_route=\/wp\/v2\/pages\/1276\/revisions\/1279"}],"wp:attachment":[{"href":"https:\/\/www.mb-trans.com\/index.php?rest_route=%2Fwp%2Fv2%2Fmedia&parent=1276"}],"curies":[{"name":"wp","href":"https:\/\/api.w.org\/{rel}","templated":true}]}}