{"id":70,"date":"2017-06-19T03:05:42","date_gmt":"2017-06-19T03:05:42","guid":{"rendered":"http:\/\/www.mb-trans.com\/?page_id=70"},"modified":"2024-01-18T09:27:02","modified_gmt":"2024-01-18T09:27:02","slug":"ueber-uns","status":"publish","type":"page","link":"https:\/\/www.mb-trans.com\/?page_id=70","title":{"rendered":"\u00dcber Uns"},"content":{"rendered":"<p>[et_pb_section fb_built=&#8220;1&#8243; admin_label=&#8220;section&#8220; _builder_version=&#8220;4.16&#8243; background_color=&#8220;#000000&#8243; transparent_background=&#8220;off&#8220; make_fullwidth=&#8220;off&#8220; use_custom_width=&#8220;off&#8220; width_unit=&#8220;on&#8220; global_colors_info=&#8220;{}&#8220;][et_pb_row admin_label=&#8220;row&#8220; _builder_version=&#8220;4.16&#8243; background_size=&#8220;initial&#8220; background_position=&#8220;top_left&#8220; background_repeat=&#8220;repeat&#8220; global_colors_info=&#8220;{}&#8220;][et_pb_column type=&#8220;4_4&#8243; _builder_version=&#8220;4.16&#8243; custom_padding=&#8220;|||&#8220; global_colors_info=&#8220;{}&#8220; custom_padding__hover=&#8220;|||&#8220;][et_pb_text admin_label=&#8220;Text&#8220; _builder_version=&#8220;4.16&#8243; background_size=&#8220;initial&#8220; background_position=&#8220;top_left&#8220; background_repeat=&#8220;repeat&#8220; use_border_color=&#8220;off&#8220; border_color=&#8220;#ffffff&#8220; border_style=&#8220;solid&#8220; global_colors_info=&#8220;{}&#8220;]<\/p>\n<h1>Unternehmensphilosophie<\/h1>\n<p>&nbsp;<\/p>\n<p>Der Schl\u00fcssel zum Erfolg liegt in den H\u00e4nden von jedem einzelnen Mitarbeiter.<\/p>\n<p>All unsere Bem\u00fchungen fokussieren auf ein Ziel, n\u00e4mlich die Bed\u00fcrfnisse und W\u00fcnsche unserer Zielgruppen zu erahnen, zu erkennen und zu erf\u00fcllen.<\/p>\n<p>Wir w\u00fcnschen uns nicht nur zufriedene, sondern begeisterte Kunden.<\/p>\n<p>Um dies zu erreichen m\u00fcssen wir mitdenken, uns hineindenken und vorausdenken. Genaue Marktbeobachtung und permanente Recherchen sind unsere Investition in die Zukunft.<\/p>\n<p>Immer offen f\u00fcr Neues, Visionen umsetzen und einen Schritt voraus sein.<br \/>\n[\/et_pb_text][et_pb_image src=&#8220;https:\/\/www.mb-trans.com\/wp-content\/uploads\/2021\/04\/5.jpg&#8220; align_tablet=&#8220;center&#8220; align_last_edited=&#8220;on|desktop&#8220; admin_label=&#8220;Bild&#8220; _builder_version=&#8220;4.22.1&#8243; animation_style=&#8220;slide&#8220; animation_direction=&#8220;left&#8220; animation_duration=&#8220;500ms&#8220; animation_intensity_slide=&#8220;10%&#8220; hover_enabled=&#8220;0&#8243; use_border_color=&#8220;off&#8220; border_color=&#8220;#ffffff&#8220; border_style=&#8220;solid&#8220; animation=&#8220;left&#8220; sticky=&#8220;off&#8220; always_center_on_mobile=&#8220;on&#8220; global_colors_info=&#8220;{}&#8220; title_text=&#8220;5&#8243; sticky_enabled=&#8220;0&#8243; align_phone=&#8220;center&#8220;] [\/et_pb_image][et_pb_gallery gallery_ids=&#8220;416,415,983,984&#8243; posts_number=&#8220;10&#8243; show_title_and_caption=&#8220;off&#8220; admin_label=&#8220;Galerie&#8220; _builder_version=&#8220;4.22.1&#8243; hover_enabled=&#8220;0&#8243; use_border_color=&#8220;off&#8220; border_color=&#8220;#ffffff&#8220; border_style=&#8220;solid&#8220; global_colors_info=&#8220;{}&#8220; sticky_enabled=&#8220;0&#8243;][\/et_pb_gallery][\/et_pb_column][\/et_pb_row][\/et_pb_section]<\/p>\n","protected":false},"excerpt":{"rendered":"<p>Unternehmensphilosophie &nbsp; Der Schl\u00fcssel zum Erfolg liegt in den H\u00e4nden von jedem einzelnen Mitarbeiter. All unsere Bem\u00fchungen fokussieren auf ein Ziel, n\u00e4mlich die Bed\u00fcrfnisse und W\u00fcnsche unserer Zielgruppen zu erahnen, zu erkennen und zu erf\u00fcllen. Wir w\u00fcnschen uns nicht nur zufriedene, sondern begeisterte Kunden. Um dies zu erreichen m\u00fcssen wir mitdenken, uns hineindenken und vorausdenken. [&hellip;]<\/p>\n","protected":false},"author":1,"featured_media":0,"parent":0,"menu_order":0,"comment_status":"closed","ping_status":"closed","template":"","meta":{"_et_pb_use_builder":"on","_et_pb_old_content":"","_et_gb_content_width":"","footnotes":""},"class_list":["post-70","page","type-page","status-publish","hentry"],"_links":{"self":[{"href":"https:\/\/www.mb-trans.com\/index.php?rest_route=\/wp\/v2\/pages\/70","targetHints":{"allow":["GET"]}}],"collection":[{"href":"https:\/\/www.mb-trans.com\/index.php?rest_route=\/wp\/v2\/pages"}],"about":[{"href":"https:\/\/www.mb-trans.com\/index.php?rest_route=\/wp\/v2\/types\/page"}],"author":[{"embeddable":true,"href":"https:\/\/www.mb-trans.com\/index.php?rest_route=\/wp\/v2\/users\/1"}],"replies":[{"embeddable":true,"href":"https:\/\/www.mb-trans.com\/index.php?rest_route=%2Fwp%2Fv2%2Fcomments&post=70"}],"version-history":[{"count":8,"href":"https:\/\/www.mb-trans.com\/index.php?rest_route=\/wp\/v2\/pages\/70\/revisions"}],"predecessor-version":[{"id":986,"href":"https:\/\/www.mb-trans.com\/index.php?rest_route=\/wp\/v2\/pages\/70\/revisions\/986"}],"wp:attachment":[{"href":"https:\/\/www.mb-trans.com\/index.php?rest_route=%2Fwp%2Fv2%2Fmedia&parent=70"}],"curies":[{"name":"wp","href":"https:\/\/api.w.org\/{rel}","templated":true}]}}