{"id":94,"date":"2017-06-19T03:15:42","date_gmt":"2017-06-19T03:15:42","guid":{"rendered":"http:\/\/www.mb-trans.com\/?page_id=94"},"modified":"2025-04-08T12:43:17","modified_gmt":"2025-04-08T12:43:17","slug":"transporte","status":"publish","type":"page","link":"https:\/\/www.mb-trans.com\/?page_id=94","title":{"rendered":"Transporte"},"content":{"rendered":"<p>[et_pb_section fb_built=&#8220;1&#8243; admin_label=&#8220;section&#8220; _builder_version=&#8220;4.22.1&#8243; background_color=&#8220;#000000&#8243; transparent_background=&#8220;off&#8220; make_fullwidth=&#8220;off&#8220; use_custom_width=&#8220;off&#8220; width_unit=&#8220;on&#8220; global_colors_info=&#8220;{}&#8220;][et_pb_row admin_label=&#8220;row&#8220; _builder_version=&#8220;4.16&#8243; background_size=&#8220;initial&#8220; background_position=&#8220;top_left&#8220; background_repeat=&#8220;repeat&#8220; global_colors_info=&#8220;{}&#8220;][et_pb_column type=&#8220;4_4&#8243; _builder_version=&#8220;4.16&#8243; custom_padding=&#8220;|||&#8220; global_colors_info=&#8220;{}&#8220; custom_padding__hover=&#8220;|||&#8220;][et_pb_image src=&#8220;https:\/\/www.mb-trans.com\/wp-content\/uploads\/2025\/01\/image00006-scaled.jpg&#8220; title_text=&#8220;image00006&#8243; align_tablet=&#8220;center&#8220; align_phone=&#8220;center&#8220; align_last_edited=&#8220;on|desktop&#8220; admin_label=&#8220;Bild&#8220; _builder_version=&#8220;4.22.1&#8243; animation_style=&#8220;slide&#8220; animation_direction=&#8220;left&#8220; animation_duration=&#8220;500ms&#8220; animation_intensity_slide=&#8220;10%&#8220; use_border_color=&#8220;off&#8220; border_color=&#8220;#ffffff&#8220; border_style=&#8220;solid&#8220; animation=&#8220;left&#8220; sticky=&#8220;off&#8220; always_center_on_mobile=&#8220;on&#8220; global_colors_info=&#8220;{}&#8220;] [\/et_pb_image][et_pb_text admin_label=&#8220;Text&#8220; _builder_version=&#8220;4.22.1&#8243; text_font_size=&#8220;20&#8243; background_size=&#8220;initial&#8220; background_position=&#8220;top_left&#8220; background_repeat=&#8220;repeat&#8220; hover_enabled=&#8220;0&#8243; use_border_color=&#8220;off&#8220; border_color=&#8220;#ffffff&#8220; border_style=&#8220;solid&#8220; global_colors_info=&#8220;{}&#8220; sticky_enabled=&#8220;0&#8243;]F\u00fcr ein weitl\u00e4ufiges Spektrum an Transporten, sei es im Erdbau, Baggertransport oder Materialtransport steht uns ein moderner und vielf\u00e4ltiger Fuhrpark zur Verf\u00fcgung. Im Bereich Baggerarbeiten k\u00f6nnen Baustellen im Gartenbaubereich, sowohl auch Leitungsarbeiten in Dienstleistung mit einem 1,6 to und 8 to Bagger ausgef\u00fchrt werden.<br \/>\nIm Bereich Drainage Instandhaltung setzen wir auf professionelle Sp\u00fcltechnik und langj\u00e4hrige Erfahrung.[\/et_pb_text][et_pb_gallery gallery_ids=&#8220;1177,1178,1088,1087,931,928,492,439,388,362,366,1191,1189,1190,1181,1179,1194,1201,1171,1215,1223,1224,1209,1218&#8243; posts_number=&#8220;30&#8243; show_title_and_caption=&#8220;off&#8220; show_pagination=&#8220;off&#8220; admin_label=&#8220;Galerie&#8220; _builder_version=&#8220;4.22.1&#8243; hover_enabled=&#8220;0&#8243; use_border_color=&#8220;off&#8220; border_color=&#8220;#ffffff&#8220; border_style=&#8220;solid&#8220; global_colors_info=&#8220;{}&#8220; sticky_enabled=&#8220;0&#8243;] [\/et_pb_gallery][\/et_pb_column][\/et_pb_row][\/et_pb_section]<\/p>\n","protected":false},"excerpt":{"rendered":"<p>F\u00fcr ein weitl\u00e4ufiges Spektrum an Transporten, sei es im Erdbau, Baggertransport oder Materialtransport steht uns ein moderner und vielf\u00e4ltiger Fuhrpark zur Verf\u00fcgung. Im Bereich Baggerarbeiten k\u00f6nnen Baustellen im Gartenbaubereich, sowohl auch Leitungsarbeiten in Dienstleistung mit einem 1,6 to und 8 to Bagger ausgef\u00fchrt werden. Im Bereich Drainage Instandhaltung setzen wir auf professionelle Sp\u00fcltechnik und langj\u00e4hrige [&hellip;]<\/p>\n","protected":false},"author":1,"featured_media":0,"parent":0,"menu_order":0,"comment_status":"closed","ping_status":"closed","template":"","meta":{"_et_pb_use_builder":"on","_et_pb_old_content":"","_et_gb_content_width":"","footnotes":""},"class_list":["post-94","page","type-page","status-publish","hentry"],"_links":{"self":[{"href":"https:\/\/www.mb-trans.com\/index.php?rest_route=\/wp\/v2\/pages\/94","targetHints":{"allow":["GET"]}}],"collection":[{"href":"https:\/\/www.mb-trans.com\/index.php?rest_route=\/wp\/v2\/pages"}],"about":[{"href":"https:\/\/www.mb-trans.com\/index.php?rest_route=\/wp\/v2\/types\/page"}],"author":[{"embeddable":true,"href":"https:\/\/www.mb-trans.com\/index.php?rest_route=\/wp\/v2\/users\/1"}],"replies":[{"embeddable":true,"href":"https:\/\/www.mb-trans.com\/index.php?rest_route=%2Fwp%2Fv2%2Fcomments&post=94"}],"version-history":[{"count":10,"href":"https:\/\/www.mb-trans.com\/index.php?rest_route=\/wp\/v2\/pages\/94\/revisions"}],"predecessor-version":[{"id":1231,"href":"https:\/\/www.mb-trans.com\/index.php?rest_route=\/wp\/v2\/pages\/94\/revisions\/1231"}],"wp:attachment":[{"href":"https:\/\/www.mb-trans.com\/index.php?rest_route=%2Fwp%2Fv2%2Fmedia&parent=94"}],"curies":[{"name":"wp","href":"https:\/\/api.w.org\/{rel}","templated":true}]}}